{"id":166,"date":"2014-08-09T22:18:44","date_gmt":"2014-08-09T22:18:44","guid":{"rendered":"http:\/\/uxthemes.wpengine.com\/product\/all-star-canvas-hi-converse\/"},"modified":"2021-10-04T11:09:20","modified_gmt":"2021-10-04T04:09:20","slug":"calligaris-swami-bed-mafb0010","status":"publish","type":"product","link":"https:\/\/bim.midar.vn\/vi\/store\/calligaris-swami-bed-mafb0010\/","title":{"rendered":"Calligaris SWAMI Bed- MAFB0010"},"content":{"rendered":"<p>Gi\u01b0\u1eddng Calligaris SWAMI ch\u1ea5t li\u1ec7u n\u1ec9 c\u00f3 khoang ch\u01b0a \u0111\u1ed3<br \/>\nB\u1ea3n l\u1ec1 n\u00e2ng h\u1ea1<br \/>\nKhung g\u1ed7 s\u1ed3i m\u1ef9 + th\u00e9p<\/p>\n\n\t<section class=\"section\" id=\"section_1572623581\">\n\t\t<div class=\"section-bg fill\" >\n\t\t\t\t\t\t\t\t\t\n\t\t\t\n\n\t\t<\/div>\n\n\t\t\n\n\t\t<div class=\"section-content relative\">\n\t\t\t\n\n\t<section class=\"section dark\" id=\"section_516632490\">\n\t\t<div class=\"section-bg fill\" >\n\t\t\t\t\t\t\t\t\t\n\t\t\t\n\n\t\t<\/div>\n\n\t\t\n\n\t\t<div class=\"section-content relative\">\n\t\t\t\r\n\r\n<div class=\"row align-equal row-box-shadow-5-hover\"  id=\"row-814471282\">\r\n\r\n\n\t<div id=\"col-1521179175\" class=\"col medium-4 small-6 large-2 has-hover\"  data-animate=\"bounceInUp\">\n\t\t\t\t<div class=\"col-inner\"  >\n\t\t\t\n\t<div class=\"is-border hover-zoom-in\"\n\t\tstyle=\"border-width:2px 2px 2px 2px;\">\n\t<\/div>\n\t\t\t\r\n\r\n\n\t<a class=\"plain\" href=\"#\" >\t<div class=\"icon-box featured-box icon-box-center text-center\"  >\n\t\t\t\t\t<div class=\"icon-box-img\" style=\"width: 30px\">\n\t\t\t\t<div class=\"icon\">\n\t\t\t\t\t<div class=\"icon-inner\" >\n\t\t\t\t\t\t\t\t\t\t\t<\/div>\n\t\t\t\t<\/div>\n\t\t\t<\/div>\n\t\t\t\t<div class=\"icon-box-text last-reset\">\n\t\t\t\t\t\t\t\t\t\r\n\r\n\t<div id=\"text-2676346637\" class=\"text\">\n\t\t\r\n\r\n<h5>Mi\u1ec5n ph\u00ed v\u1eadn chuy\u1ec3n, l\u1eafp \u0111\u1eb7t\u00a0\u00a0<br \/>(\u01afu \u0111\u00e3i mi\u1ec5n ph\u00ed v\u1eadn chuy\u1ec3n)<\/h5>\r\n\t\t\n<style>\n#text-2676346637 {\n  font-size: 0.75rem;\n}\n<\/style>\n\t<\/div>\n\t\r\n\r\n\t\t<\/div>\n\t<\/div>\n\t<\/a>\n\t\r\n\r\n\t\t<\/div>\n\t\t\t\t\t<\/div>\n\n\t\r\n\n\t<div id=\"col-95907996\" class=\"col medium-4 small-6 large-2 has-hover\"  data-animate=\"bounceInUp\">\n\t\t\t\t<div class=\"col-inner\"  >\n\t\t\t\n\t<div class=\"is-border hover-zoom-in\"\n\t\tstyle=\"border-width:2px 2px 2px 2px;\">\n\t<\/div>\n\t\t\t\r\n\r\n\n\t<a class=\"plain\" href=\"#\" >\t<div class=\"icon-box featured-box icon-box-center text-center\"  >\n\t\t\t\t\t<div class=\"icon-box-img\" style=\"width: 30px\">\n\t\t\t\t<div class=\"icon\">\n\t\t\t\t\t<div class=\"icon-inner\" >\n\t\t\t\t\t\t\t\t\t\t\t<\/div>\n\t\t\t\t<\/div>\n\t\t\t<\/div>\n\t\t\t\t<div class=\"icon-box-text last-reset\">\n\t\t\t\t\t\t\t\t\t\r\n\r\n\t<div id=\"text-373530652\" class=\"text\">\n\t\t\r\n\r\n<h5>H\u1ed7 tr\u1ee3 giao h\u00e0ng to\u00e0n qu\u1ed1c<br \/>(Ch\u00ednh s\u00e1ch giao nh\u1eadn to\u00e0n qu\u1ed1c)<\/h5>\r\n\t\t\n<style>\n#text-373530652 {\n  font-size: 0.75rem;\n}\n<\/style>\n\t<\/div>\n\t\r\n\r\n\t\t<\/div>\n\t<\/div>\n\t<\/a>\n\t\r\n\r\n\t\t<\/div>\n\t\t\t\t\t<\/div>\n\n\t\r\n\n\t<div id=\"col-2111395671\" class=\"col medium-4 small-6 large-2 has-hover\"  data-animate=\"bounceInUp\">\n\t\t\t\t<div class=\"col-inner\"  >\n\t\t\t\n\t<div class=\"is-border hover-zoom-in\"\n\t\tstyle=\"border-width:2px 2px 2px 2px;\">\n\t<\/div>\n\t\t\t\r\n\r\n\n\t<a class=\"plain\" href=\"#\" >\t<div class=\"icon-box featured-box icon-box-center text-center\"  >\n\t\t\t\t\t<div class=\"icon-box-img\" style=\"width: 30px\">\n\t\t\t\t<div class=\"icon\">\n\t\t\t\t\t<div class=\"icon-inner\" >\n\t\t\t\t\t\t\t\t\t\t\t<\/div>\n\t\t\t\t<\/div>\n\t\t\t<\/div>\n\t\t\t\t<div class=\"icon-box-text last-reset\">\n\t\t\t\t\t\t\t\t\t\r\n\r\n\t<div id=\"text-3366554579\" class=\"text\">\n\t\t\r\n\r\n<h5>B\u1ea3o h\u00e0nh ch\u00ednh h\u00e3ng<br \/>(Ch\u00ednh s\u00e1ch b\u1ea3o h\u00e0nh)<\/h5>\r\n\t\t\n<style>\n#text-3366554579 {\n  font-size: 0.75rem;\n}\n<\/style>\n\t<\/div>\n\t\r\n\r\n\t\t<\/div>\n\t<\/div>\n\t<\/a>\n\t\r\n\r\n\t\t<\/div>\n\t\t\t\t\t<\/div>\n\n\t\r\n\n\t<div id=\"col-494082386\" class=\"col medium-4 small-6 large-2 has-hover\"  data-animate=\"bounceInUp\">\n\t\t\t\t<div class=\"col-inner\"  >\n\t\t\t\n\t<div class=\"is-border hover-zoom-in\"\n\t\tstyle=\"border-width:2px 2px 2px 2px;\">\n\t<\/div>\n\t\t\t\r\n\r\n\n\t<a class=\"plain\" href=\"#\" >\t<div class=\"icon-box featured-box icon-box-center text-center\"  >\n\t\t\t\t\t<div class=\"icon-box-img\" style=\"width: 30px\">\n\t\t\t\t<div class=\"icon\">\n\t\t\t\t\t<div class=\"icon-inner\" >\n\t\t\t\t\t\t\t\t\t\t\t<\/div>\n\t\t\t\t<\/div>\n\t\t\t<\/div>\n\t\t\t\t<div class=\"icon-box-text last-reset\">\n\t\t\t\t\t\t\t\t\t\r\n\r\n\t<div id=\"text-3320702676\" class=\"text\">\n\t\t\r\n\r\n<h5>H\u00e0ng l\u1ed7i \u0111\u1ed5i m\u1edbi sau 3 ng\u00e0y<br \/>( Ch\u00ednh s\u00e1ch \u0111\u1ed5i tr\u1ea3 )<\/h5>\r\n\t\t\n<style>\n#text-3320702676 {\n  font-size: 0.75rem;\n}\n<\/style>\n\t<\/div>\n\t\r\n\r\n\t\t<\/div>\n\t<\/div>\n\t<\/a>\n\t\r\n\r\n\t\t<\/div>\n\t\t\t\t\t<\/div>\n\n\t\r\n\n\t<div id=\"col-1786543921\" class=\"col medium-4 small-6 large-2 has-hover\"  data-animate=\"bounceInUp\">\n\t\t\t\t<div class=\"col-inner\"  >\n\t\t\t\n\t<div class=\"is-border hover-zoom-in\"\n\t\tstyle=\"border-width:2px 2px 2px 2px;\">\n\t<\/div>\n\t\t\t\r\n\r\n\n\t<a class=\"plain\" href=\"#\" >\t<div class=\"icon-box featured-box icon-box-center text-center\"  >\n\t\t\t\t\t<div class=\"icon-box-img\" style=\"width: 30px\">\n\t\t\t\t<div class=\"icon\">\n\t\t\t\t\t<div class=\"icon-inner\" >\n\t\t\t\t\t\t\t\t\t\t\t<\/div>\n\t\t\t\t<\/div>\n\t\t\t<\/div>\n\t\t\t\t<div class=\"icon-box-text last-reset\">\n\t\t\t\t\t\t\t\t\t\r\n\r\n\t<div id=\"text-941087486\" class=\"text\">\n\t\t\r\n\r\n<h5>H\u1ed7 tr\u1ee3 \u0111\u1eb7t h\u00e0ng.<br \/>(T\u1ed5ng \u0111\u00e0i h\u1ed7 tr\u1ee3 online)<\/h5>\r\n\t\t\n<style>\n#text-941087486 {\n  font-size: 0.75rem;\n}\n<\/style>\n\t<\/div>\n\t\r\n\r\n\t\t<\/div>\n\t<\/div>\n\t<\/a>\n\t\r\n\r\n\t\t<\/div>\n\t\t\t\t\t<\/div>\n\n\t\r\n\n\t<div id=\"col-427667067\" class=\"col medium-4 small-6 large-2 has-hover\"  data-animate=\"bounceInUp\">\n\t\t\t\t<div class=\"col-inner\"  >\n\t\t\t\n\t<div class=\"is-border hover-zoom-in\"\n\t\tstyle=\"border-width:2px 2px 2px 2px;\">\n\t<\/div>\n\t\t\t\r\n\r\n\n\t<a class=\"plain\" href=\"#\" >\t<div class=\"icon-box featured-box icon-box-center text-center\"  >\n\t\t\t\t\t<div class=\"icon-box-img\" style=\"width: 30px\">\n\t\t\t\t<div class=\"icon\">\n\t\t\t\t\t<div class=\"icon-inner\" >\n\t\t\t\t\t\t\t\t\t\t\t<\/div>\n\t\t\t\t<\/div>\n\t\t\t<\/div>\n\t\t\t\t<div class=\"icon-box-text last-reset\">\n\t\t\t\t\t\t\t\t\t\r\n\r\n\t<div id=\"text-89605613\" class=\"text\">\n\t\t\r\n\r\n<h5>\u01afu \u0111\u00e3i l\u1edbn<br \/>(D\u00e0nh ri\u00eang cho kh\u00e1ch h\u00e0ng)<\/h5>\r\n\t\t\n<style>\n#text-89605613 {\n  font-size: 0.75rem;\n}\n<\/style>\n\t<\/div>\n\t\r\n\r\n\t\t<\/div>\n\t<\/div>\n\t<\/a>\n\t\r\n\r\n\t\t<\/div>\n\t\t\t\t\t<\/div>\n\n\t\r\n\r\n<\/div>\r\n\r\n\t\t<\/div>\n\n\t\t\n<style>\n#section_516632490 {\n  padding-top: 18px;\n  padding-bottom: 18px;\n  background-color: rgb(251, 204, 5);\n}\n<\/style>\n\t<\/section>\n\t\n\t\t<\/div>\n\n\t\t\n<style>\n#section_1572623581 {\n  padding-top: 30px;\n  padding-bottom: 30px;\n}\n<\/style>\n\t<\/section>","protected":false},"excerpt":{"rendered":"<section class=\"section\" id=\"section_445329180\">\n\t\t<div class=\"section-bg fill\" >\n\t\t\t\t\t\t\t\t\t\n\t\t\t\n\n\t\t<\/div>\n\n\t\t\n\n\t\t<div class=\"section-content relative\">\n\t\t\t\t<div class=\"ux-menu stack stack-col justify-start ux-menu--divider-solid\">\n\t\t\n\n\t<div class=\"ux-menu-title flex\">\n\t\tC\u00e1c s\u1ea3n ph\u1ea9m \u0111\u01b0\u1ee3c s\u1ea3n xu\u1ea5t v\u00e0 ph\u00e2n ph\u1ed1i b\u1edfi Marchinde Furniture Store.\t<\/div>\n\t\n\n\t<div class=\"ux-menu-link flex menu-item\">\n\t\t<a class=\"ux-menu-link__link flex\" href=\"https:\/\/bim.midar.vn\/vi\/Tel:0961033988\/\" >\n\t\t\t\t\t\t<span class=\"ux-menu-link__text\">\n\t\t\t\tHotline: 0961 033 988\t\t\t<\/span>\n\t\t<\/a>\n\t<\/div>\n\t\n\n\t<div class=\"ux-menu-link flex menu-item\">\n\t\t<a class=\"ux-menu-link__link flex\" href=\"mailto:store@bim.midar.vn\" >\n\t\t\t\t\t\t<span class=\"ux-menu-link__text\">\n\t\t\t\tEmail: store@bim.midar.vn\t\t\t<\/span>\n\t\t<\/a>\n\t<\/div>\n\t\n\n\n\t<\/div>\n\t\t\t<\/div>\n\n\t\t\n<style>\n#section_445329180 {\n  padding-top: 30px;\n  padding-bottom: 30px;\n}\n<\/style>\n\t<\/section>\n\t\n<div class=\"accordion\">\n\t<div id=\"accordion-3731726010\" class=\"accordion-item\">\n\t\t<a id=\"accordion-3731726010-label\" class=\"accordion-title plain\" href=\"#accordion-item-m\u00f4-t\u1ea3\" aria-expanded=\"false\" aria-controls=\"accordion-3731726010-content\" >\n\t\t\t<button class=\"toggle\" aria-label=\"Chuy\u1ec3n \u0111\u1ed5i\"><i class=\"icon-angle-down\"><\/i><\/button>\n\t\t\t<span>M\u00f4 t\u1ea3<\/span>\n\t\t<\/a>\n\t\t<div id=\"accordion-3731726010-content\" class=\"accordion-inner\" aria-labelledby=\"accordion-3731726010-label\" >\n\t\t\t\n<p>Th\u01b0\u01a1ng hi\u1ec7u:<\/p>\n<p>B\u1ed9 S\u01b0u t\u1eadp: &#8211; &#8211;<\/p>\n<p>D\u1ea1ng: &#8211; &#8211;<\/p>\n<p>Ch\u1ea5t li\u1ec7u: &#8211; &#8211;<\/p>\n<p>N\u0103m s\u1ea3n xu\u1ea5t: &#8211; &#8211;<\/p>\n<p>Thi\u1ebft k\u1ebf: &#8211; &#8211;<\/p>\n\t\t<\/div>\n\t<\/div>\n\t\n\t<div id=\"accordion-4105819229\" class=\"accordion-item\">\n\t\t<a id=\"accordion-4105819229-label\" class=\"accordion-title plain\" href=\"#accordion-item-ch\u00ednh-s\u00e1ch-giao-h\u00e0ng\" aria-expanded=\"false\" aria-controls=\"accordion-4105819229-content\" >\n\t\t\t<button class=\"toggle\" aria-label=\"Chuy\u1ec3n \u0111\u1ed5i\"><i class=\"icon-angle-down\"><\/i><\/button>\n\t\t\t<span>Ch\u00ednh s\u00e1ch giao h\u00e0ng<\/span>\n\t\t<\/a>\n\t\t<div id=\"accordion-4105819229-content\" class=\"accordion-inner\" aria-labelledby=\"accordion-4105819229-label\" >\n\t\t\t\n\n\t<section class=\"section\" id=\"section_1280740103\">\n\t\t<div class=\"section-bg fill\" >\n\t\t\t\t\t\t\t\t\t\n\t\t\t\n\n\t\t<\/div>\n\n\t\t\n\n\t\t<div class=\"section-content relative\">\n\t\t\t\n\n<ul>\n<p style=\"text-align: center;\"><strong>Ch\u00ednh s\u00e1ch giao h\u00e0ng<\/strong><\/p>\n<li>Th\u1eddi gian giao h\u00e0ng t\u1eeb 01-03 ng\u00e0y \u0111\u1ed1i v\u1edbi h\u00e0ng c\u00f3 s\u1eb5n.<\/li>\n<li>Th\u1eddi gian giao h\u00e0ng t\u1eeb\u00a0 7-15 ng\u00e0y cho h\u00e0ng \u0111\u1eb7t.<\/li>\n<li>\u0110\u1eb7t c\u1ecdc 50% gi\u00e1 tr\u1ecb \u0111\u01a1n h\u00e0ng \u0111\u1ed1i v\u1edbi h\u00e0ng \u0111\u1eb7t.<\/li>\n<\/ul>\n<hr \/>\n<p style=\"text-align: center;\"><strong>H\u1ed7 tr\u1ee3<\/strong><\/p>\n<p>\u0110\u1ec3 nh\u1eadn b\u00e1o gi\u00e1 ho\u1eb7c c\u1ea7n s\u1ef1 h\u1ed7 tr\u1ee3, qu\u00fd kh\u00e1ch h\u00e0ng c\u00f3 th\u1ec3 g\u1eedi \u0111\u1ebfn mail <strong><a href=\"mailto:store@bim.midar.vn\">store@bim.midar.vn<\/a><\/strong> ho\u1eb7c li\u00ean h\u1ec7 \u0111\u1ebfn s\u1ed1 hotline\u00a0<strong><a href=\"tel:0961033988\">0961.033.988<\/a><\/strong> \u0111\u1ec3 \u0111\u01b0\u1ee3c t\u01b0 v\u1ea5n.<\/p>\n\n<div class=\"row align-middle align-center\"  id=\"row-1351724737\">\n\n\n\t<div id=\"col-1762728919\" class=\"col small-12 large-12\"  >\n\t\t\t\t<div class=\"col-inner text-center\"  >\n\t\t\t\n\t\t\t\n\n<a href=\"tel:0961033988\" class=\"button secondary box-shadow-1-hover reveal-icon\"  style=\"border-radius:99px;\">\n\t\t<span>G\u1eccI NGAY<\/span>\n\t<i class=\"icon-phone\" aria-hidden=\"true\" ><\/i><\/a>\n\n\n<a href=\"mailto:store@bim.midar.vn\" class=\"button secondary box-shadow-1-hover reveal-icon\"  style=\"border-radius:99px;\">\n\t\t<span>g\u1eedi email<\/span>\n\t<i class=\"icon-phone\" aria-hidden=\"true\" ><\/i><\/a>\n\n\n\n\t\t<\/div>\n\t\t\t\t\t<\/div>\n\n\t\n\n<\/div>\n\n\t\t<\/div>\n\n\t\t\n<style>\n#section_1280740103 {\n  padding-top: 0px;\n  padding-bottom: 0px;\n}\n<\/style>\n\t<\/section>\n\t\n\t\t<\/div>\n\t<\/div>\n\t\n\t<div id=\"accordion-809229786\" class=\"accordion-item\">\n\t\t<a id=\"accordion-809229786-label\" class=\"accordion-title plain\" href=\"#accordion-item-note\" aria-expanded=\"false\" aria-controls=\"accordion-809229786-content\" >\n\t\t\t<button class=\"toggle\" aria-label=\"Chuy\u1ec3n \u0111\u1ed5i\"><i class=\"icon-angle-down\"><\/i><\/button>\n\t\t\t<span>Ghi ch\u00fa<\/span>\n\t\t<\/a>\n\t\t<div id=\"accordion-809229786-content\" class=\"accordion-inner\" aria-labelledby=\"accordion-809229786-label\" >\n\t\t\t\nNote \u0111ang c\u1eadp nh\u1eadt<br \/>\n\t\t<\/div>\n\t<\/div>\n\t\n\t<div id=\"accordion-1913599045\" class=\"accordion-item\">\n\t\t<a id=\"accordion-1913599045-label\" class=\"accordion-title plain\" href=\"#accordion-item-bim-object\" aria-expanded=\"false\" aria-controls=\"accordion-1913599045-content\" >\n\t\t\t<button class=\"toggle\" aria-label=\"Chuy\u1ec3n \u0111\u1ed5i\"><i class=\"icon-angle-down\"><\/i><\/button>\n\t\t\t<span>BIM OBJECT<\/span>\n\t\t<\/a>\n\t\t<div id=\"accordion-1913599045-content\" class=\"accordion-inner\" aria-labelledby=\"accordion-1913599045-label\" >\n\t\t\t\nNote \u0111ang c\u1eadp nh\u1eadt<br \/>\n\t\t<\/div>\n\t<\/div>\n\t\n<\/div>\n<p>Ghi ch\u00fa: M\u1ed9t s\u1ed1 s\u1ea3n ph\u1ea9m c\u00f3 th\u1ec3 h\u1ebft h\u00e0ng m\u00e0 ch\u01b0a k\u1ecbp update.<br \/>\n\u0110\u1ec3 \u0111\u1eb7t h\u00e0ng nhanh nh\u1ea5t qu\u00fd kh\u00e1ch vui l\u00f2ng li\u00ean h\u1ec7 hotline Marchinde Store (Call\/Mess\/Zalo)<br \/>\n\n\t<section class=\"section\" id=\"section_51127249\">\n\t\t<div class=\"section-bg fill\" >\n\t\t\t\t\t\t\t\t\t\n\t\t\t\n\n\t\t<\/div>\n\n\t\t\n\n\t\t<div class=\"section-content relative\">\n\t\t\t<div class=\"row\"  id=\"row-1071881159\">\n\n\n\t<div id=\"col-1834911776\" class=\"col medium-1 small-12 large-1\"  >\n\t\t\t\t<div class=\"col-inner\"  >\n\t\t\t\n\t\t\t\n\n\n\t\t<\/div>\n\t\t\t\t\t<\/div>\n\n\t\n\n\t<div id=\"col-2030763820\" class=\"col medium-11 small-12 large-11\"  >\n\t\t\t\t<div class=\"col-inner\"  >\n\t\t\t\n\t\t\t\n\n\n\t<section class=\"section\" id=\"section_1846396891\">\n\t\t<div class=\"section-bg fill\" >\n\t\t\t\t\t\t\t\t\t\n\t\t\t\n\n\t\t<\/div>\n\n\t\t\n\n\t\t<div class=\"section-content relative\">\n\t\t\t\n\n\n\t\t<div class=\"icon-box featured-box icon-box-left text-left\"  style=\"margin:-34px 0px 0px -52px;\">\n\t\t\t\t\t<div class=\"icon-box-img\" style=\"width: 40px\">\n\t\t\t\t<div class=\"icon\">\n\t\t\t\t\t<div class=\"icon-inner\" >\n\t\t\t\t\t\t\t\t\t\t\t<\/div>\n\t\t\t\t<\/div>\n\t\t\t<\/div>\n\t\t\t\t<div class=\"icon-box-text last-reset\">\n\t\t\t\t\t\t\t\t\t\n\n\t<div id=\"text-2534665230\" class=\"text\">\n\t\t\n\n<h3><span style=\"font-size: 100%;\"><strong>Gi\u00e1 lu\u00f4n t\u1ed1t<\/strong><br \/><span style=\"font-size: 70%;\">Gi\u00e1 t\u1ed1t so v\u1edbi th\u1ecb tr\u01b0\u1eddng.<\/span><\/span><\/h3>\n\t\t\n<style>\n#text-2534665230 {\n  font-size: 0.9rem;\n  line-height: 1.15;\n}\n<\/style>\n\t<\/div>\n\t\n\n\t\t<\/div>\n\t<\/div>\n\t\n\t\n\n\t\t<div class=\"icon-box featured-box icon-box-left text-left is-large\"  style=\"margin:12px 0px 0px -52px;\">\n\t\t\t\t\t<div class=\"icon-box-img\" style=\"width: 40px\">\n\t\t\t\t<div class=\"icon\">\n\t\t\t\t\t<div class=\"icon-inner\" >\n\t\t\t\t\t\t\t\t\t\t\t<\/div>\n\t\t\t\t<\/div>\n\t\t\t<\/div>\n\t\t\t\t<div class=\"icon-box-text last-reset\">\n\t\t\t\t\t\t\t\t\t\n\n\t<div id=\"text-4022458397\" class=\"text\">\n\t\t\n\n<h3><strong><span style=\"font-size: 100%;\">M\u00e3 gi\u1ea3m gi\u00e1<br \/><\/span><\/strong><span style=\"font-size: 70%;\">M\u00e3 gi\u1ea3m gi\u00e1 c\u1ee7a shop<br \/><\/span><\/h3>\n\n\t\t\n<style>\n#text-4022458397 {\n  font-size: 0.9rem;\n  line-height: 1.15;\n}\n<\/style>\n\t<\/div>\n\t\n\n\t\t<\/div>\n\t<\/div>\n\t\n\t\n\n\t\t<div class=\"icon-box featured-box icon-box-left text-left is-large\"  style=\"margin:12px 0px 0px -52px;\">\n\t\t\t\t\t<div class=\"icon-box-img\" style=\"width: 40px\">\n\t\t\t\t<div class=\"icon\">\n\t\t\t\t\t<div class=\"icon-inner\" >\n\t\t\t\t\t\t\t\t\t\t\t<\/div>\n\t\t\t\t<\/div>\n\t\t\t<\/div>\n\t\t\t\t<div class=\"icon-box-text last-reset\">\n\t\t\t\t\t\t\t\t\t\n\n\t<div id=\"text-435560796\" class=\"text\">\n\t\t\n\n<h3><strong><span style=\"font-size: 100%;\">Mi\u1ec5n ph\u00ed v\u1eadn chuy\u1ec3n<br \/><\/span><span style=\"font-size: 70%;\">Mi\u1ec5n ph\u00ed v\u1eadn chuy\u1ec3n khi \u0111\u01a1n h\u00e0ng \u0111\u1ea1t gi\u00e1 tr\u1ecb t\u1ed1i thi\u1ec3u <br \/><\/span><\/h3>\n\n\t\t\n<style>\n#text-435560796 {\n  font-size: 0.9rem;\n  line-height: 1.15;\n}\n<\/style>\n\t<\/div>\n\t\n\n\t\t<\/div>\n\t<\/div>\n\t\n\t\n\n\t\t<\/div>\n\n\t\t\n<style>\n#section_1846396891 {\n  padding-top: 0px;\n  padding-bottom: 0px;\n}\n<\/style>\n\t<\/section>\n\t\n\n\t\t<\/div>\n\t\t\t\t\t<\/div>\n\n\t\n\n<\/div>\t\t<\/div>\n\n\t\t\n<style>\n#section_51127249 {\n  padding-top: 30px;\n  padding-bottom: 30px;\n}\n<\/style>\n\t<\/section>","protected":false},"featured_media":0,"comment_status":"open","ping_status":"closed","template":"","meta":[],"product_brand":[],"product_cat":[15,219,35],"product_tag":[221,222,223,225,226,224],"class_list":{"0":"post-166","1":"product","2":"type-product","3":"status-publish","5":"product_cat-furniture","6":"product_cat-bedroom","7":"product_cat-bed","8":"product_tag-bed","9":"product_tag-giuong","10":"product_tag-giuong-ngu","11":"product_tag-giuong-ngu-boc-ni","12":"product_tag-giuong-thong-minh","13":"product_tag-ni","15":"first","16":"instock","17":"sale","18":"virtual","19":"purchasable","20":"product-type-simple"},"aioseo_notices":[],"_links":{"self":[{"href":"https:\/\/bim.midar.vn\/vi\/wp-json\/wp\/v2\/product\/166","targetHints":{"allow":["GET"]}}],"collection":[{"href":"https:\/\/bim.midar.vn\/vi\/wp-json\/wp\/v2\/product"}],"about":[{"href":"https:\/\/bim.midar.vn\/vi\/wp-json\/wp\/v2\/types\/product"}],"replies":[{"embeddable":true,"href":"https:\/\/bim.midar.vn\/vi\/wp-json\/wp\/v2\/comments?post=166"}],"wp:attachment":[{"href":"https:\/\/bim.midar.vn\/vi\/wp-json\/wp\/v2\/media?parent=166"}],"wp:term":[{"taxonomy":"product_brand","embeddable":true,"href":"https:\/\/bim.midar.vn\/vi\/wp-json\/wp\/v2\/product_brand?post=166"},{"taxonomy":"product_cat","embeddable":true,"href":"https:\/\/bim.midar.vn\/vi\/wp-json\/wp\/v2\/product_cat?post=166"},{"taxonomy":"product_tag","embeddable":true,"href":"https:\/\/bim.midar.vn\/vi\/wp-json\/wp\/v2\/product_tag?post=166"}],"curies":[{"name":"wp","href":"https:\/\/api.w.org\/{rel}","templated":true}]}}