{"id":165,"date":"2014-08-10T10:06:55","date_gmt":"2014-08-10T10:06:55","guid":{"rendered":"http:\/\/uxthemes.wpengine.com\/?post_type=product&#038;p=395"},"modified":"2021-07-31T18:52:57","modified_gmt":"2021-07-31T11:52:57","slug":"memphis-leather-sofa-poly-bark","status":"publish","type":"product","link":"https:\/\/bim.midar.vn\/vi\/store\/memphis-leather-sofa-poly-bark\/","title":{"rendered":"Memphis Leather Sofa &#8211; Poly &#038; Bark"},"content":{"rendered":"<p>Sofa b\u1ecdc da thu\u1ed9c b\u00f2 \u00dd \u0111\u01b0\u1ee3c nhu\u1ed9m to\u00e0n ph\u1ea7n anilin<br \/>\nM\u1ed7i da \u1ea9n l\u00e0 duy nh\u1ea5t v\u00e0 s\u1ebd kh\u00e1c nhau v\u1ec1 \u0111\u1ed9 s\u00e2u c\u1ee7a m\u00e0u s\u1eafc<br \/>\nKhung g\u1ed7 c\u1ee9ng ch\u1eb7n g\u00f3c<br \/>\nPirelli v\u1ea3i<br \/>\nB\u1ecdt m\u1eadt \u0111\u1ed9 cao v\u1edbi ch\u1ea5t l\u00e0m \u0111\u1ea7y polyester<br \/>\nL\u00f4ng v\u0169 tr\u00ean b\u1ec1 m\u1eb7t gh\u1ebf ng\u1ed3i<br \/>\n\u0110\u1ec7m t\u1ef1a l\u01b0ng b\u1eb1ng l\u00f4ng v\u0169 v\u00e0 s\u1ee3i pha tr\u1ed9n<br \/>\n\u0110\u1ec7m l\u01b0ng v\u00e0 gh\u1ebf r\u1eddi, kh\u00f4ng th\u1ec3 xoay chuy\u1ec3n<br \/>\nCh\u00e2n g\u1ed7 cao su ch\u1eafc ch\u1eafn ho\u00e0n thi\u1ec7n b\u1eb1ng g\u1ed7 \u00f3c ch\u00f3<\/p>","protected":false},"excerpt":{"rendered":"<section class=\"section\" id=\"section_935927468\">\n\t\t<div class=\"section-bg fill\" >\n\t\t\t\t\t\t\t\t\t\n\t\t\t\n\n\t\t<\/div>\n\n\t\t\n\n\t\t<div class=\"section-content relative\">\n\t\t\t\t<div class=\"ux-menu stack stack-col justify-start ux-menu--divider-solid\">\n\t\t\n\n\t<div class=\"ux-menu-title flex\">\n\t\tC\u00e1c s\u1ea3n ph\u1ea9m \u0111\u01b0\u1ee3c s\u1ea3n xu\u1ea5t v\u00e0 ph\u00e2n ph\u1ed1i b\u1edfi Marchinde Furniture Store.\t<\/div>\n\t\n\n\t<div class=\"ux-menu-link flex menu-item\">\n\t\t<a class=\"ux-menu-link__link flex\" href=\"https:\/\/bim.midar.vn\/vi\/Tel:0961033988\/\" >\n\t\t\t\t\t\t<span class=\"ux-menu-link__text\">\n\t\t\t\tHotline: 0961 033 988\t\t\t<\/span>\n\t\t<\/a>\n\t<\/div>\n\t\n\n\t<div class=\"ux-menu-link flex menu-item\">\n\t\t<a class=\"ux-menu-link__link flex\" href=\"mailto:store@bim.midar.vn\" >\n\t\t\t\t\t\t<span class=\"ux-menu-link__text\">\n\t\t\t\tEmail: store@bim.midar.vn\t\t\t<\/span>\n\t\t<\/a>\n\t<\/div>\n\t\n\n\n\t<\/div>\n\t\t\t<\/div>\n\n\t\t\n<style>\n#section_935927468 {\n  padding-top: 30px;\n  padding-bottom: 30px;\n}\n<\/style>\n\t<\/section>\n\t\n<div class=\"accordion\">\n\t<div id=\"accordion-4224605294\" class=\"accordion-item\">\n\t\t<a id=\"accordion-4224605294-label\" class=\"accordion-title plain\" href=\"#accordion-item-m\u00f4-t\u1ea3\" aria-expanded=\"false\" aria-controls=\"accordion-4224605294-content\" >\n\t\t\t<button class=\"toggle\" aria-label=\"Chuy\u1ec3n \u0111\u1ed5i\"><i class=\"icon-angle-down\"><\/i><\/button>\n\t\t\t<span>M\u00f4 t\u1ea3<\/span>\n\t\t<\/a>\n\t\t<div id=\"accordion-4224605294-content\" class=\"accordion-inner\" aria-labelledby=\"accordion-4224605294-label\" >\n\t\t\t\n<p>Th\u01b0\u01a1ng hi\u1ec7u:<\/p>\n<p>B\u1ed9 S\u01b0u t\u1eadp: &#8211; &#8211;<\/p>\n<p>D\u1ea1ng: &#8211; &#8211;<\/p>\n<p>Ch\u1ea5t li\u1ec7u: &#8211; &#8211;<\/p>\n<p>N\u0103m s\u1ea3n xu\u1ea5t: &#8211; &#8211;<\/p>\n<p>Thi\u1ebft k\u1ebf: &#8211; &#8211;<\/p>\n\t\t<\/div>\n\t<\/div>\n\t\n\t<div id=\"accordion-3638854192\" class=\"accordion-item\">\n\t\t<a id=\"accordion-3638854192-label\" class=\"accordion-title plain\" href=\"#accordion-item-ch\u00ednh-s\u00e1ch-giao-h\u00e0ng\" aria-expanded=\"false\" aria-controls=\"accordion-3638854192-content\" >\n\t\t\t<button class=\"toggle\" aria-label=\"Chuy\u1ec3n \u0111\u1ed5i\"><i class=\"icon-angle-down\"><\/i><\/button>\n\t\t\t<span>Ch\u00ednh s\u00e1ch giao h\u00e0ng<\/span>\n\t\t<\/a>\n\t\t<div id=\"accordion-3638854192-content\" class=\"accordion-inner\" aria-labelledby=\"accordion-3638854192-label\" >\n\t\t\t\n\n\t<section class=\"section\" id=\"section_775126532\">\n\t\t<div class=\"section-bg fill\" >\n\t\t\t\t\t\t\t\t\t\n\t\t\t\n\n\t\t<\/div>\n\n\t\t\n\n\t\t<div class=\"section-content relative\">\n\t\t\t\n\n<ul>\n<p style=\"text-align: center;\"><strong>Ch\u00ednh s\u00e1ch giao h\u00e0ng<\/strong><\/p>\n<li>Th\u1eddi gian giao h\u00e0ng t\u1eeb 01-03 ng\u00e0y \u0111\u1ed1i v\u1edbi h\u00e0ng c\u00f3 s\u1eb5n.<\/li>\n<li>Th\u1eddi gian giao h\u00e0ng t\u1eeb\u00a0 7-15 ng\u00e0y cho h\u00e0ng \u0111\u1eb7t.<\/li>\n<li>\u0110\u1eb7t c\u1ecdc 50% gi\u00e1 tr\u1ecb \u0111\u01a1n h\u00e0ng \u0111\u1ed1i v\u1edbi h\u00e0ng \u0111\u1eb7t.<\/li>\n<\/ul>\n<hr \/>\n<p style=\"text-align: center;\"><strong>H\u1ed7 tr\u1ee3<\/strong><\/p>\n<p>\u0110\u1ec3 nh\u1eadn b\u00e1o gi\u00e1 ho\u1eb7c c\u1ea7n s\u1ef1 h\u1ed7 tr\u1ee3, qu\u00fd kh\u00e1ch h\u00e0ng c\u00f3 th\u1ec3 g\u1eedi \u0111\u1ebfn mail <strong><a href=\"mailto:store@bim.midar.vn\">store@bim.midar.vn<\/a><\/strong> ho\u1eb7c li\u00ean h\u1ec7 \u0111\u1ebfn s\u1ed1 hotline\u00a0<strong><a href=\"tel:0961033988\">0961.033.988<\/a><\/strong> \u0111\u1ec3 \u0111\u01b0\u1ee3c t\u01b0 v\u1ea5n.<\/p>\n\n<div class=\"row align-middle align-center\"  id=\"row-767444721\">\n\n\n\t<div id=\"col-1507803652\" class=\"col small-12 large-12\"  >\n\t\t\t\t<div class=\"col-inner text-center\"  >\n\t\t\t\n\t\t\t\n\n<a href=\"tel:0961033988\" class=\"button secondary box-shadow-1-hover reveal-icon\"  style=\"border-radius:99px;\">\n\t\t<span>G\u1eccI NGAY<\/span>\n\t<i class=\"icon-phone\" aria-hidden=\"true\" ><\/i><\/a>\n\n\n<a href=\"mailto:store@bim.midar.vn\" class=\"button secondary box-shadow-1-hover reveal-icon\"  style=\"border-radius:99px;\">\n\t\t<span>g\u1eedi email<\/span>\n\t<i class=\"icon-phone\" aria-hidden=\"true\" ><\/i><\/a>\n\n\n\n\t\t<\/div>\n\t\t\t\t\t<\/div>\n\n\t\n\n<\/div>\n\n\t\t<\/div>\n\n\t\t\n<style>\n#section_775126532 {\n  padding-top: 0px;\n  padding-bottom: 0px;\n}\n<\/style>\n\t<\/section>\n\t\n\t\t<\/div>\n\t<\/div>\n\t\n\t<div id=\"accordion-1695248560\" class=\"accordion-item\">\n\t\t<a id=\"accordion-1695248560-label\" class=\"accordion-title plain\" href=\"#accordion-item-note\" aria-expanded=\"false\" aria-controls=\"accordion-1695248560-content\" >\n\t\t\t<button class=\"toggle\" aria-label=\"Chuy\u1ec3n \u0111\u1ed5i\"><i class=\"icon-angle-down\"><\/i><\/button>\n\t\t\t<span>Ghi ch\u00fa<\/span>\n\t\t<\/a>\n\t\t<div id=\"accordion-1695248560-content\" class=\"accordion-inner\" aria-labelledby=\"accordion-1695248560-label\" >\n\t\t\t\nNote \u0111ang c\u1eadp nh\u1eadt<br \/>\n\t\t<\/div>\n\t<\/div>\n\t\n\t<div id=\"accordion-714014242\" class=\"accordion-item\">\n\t\t<a id=\"accordion-714014242-label\" class=\"accordion-title plain\" href=\"#accordion-item-bim-object\" aria-expanded=\"false\" aria-controls=\"accordion-714014242-content\" >\n\t\t\t<button class=\"toggle\" aria-label=\"Chuy\u1ec3n \u0111\u1ed5i\"><i class=\"icon-angle-down\"><\/i><\/button>\n\t\t\t<span>BIM OBJECT<\/span>\n\t\t<\/a>\n\t\t<div id=\"accordion-714014242-content\" class=\"accordion-inner\" aria-labelledby=\"accordion-714014242-label\" >\n\t\t\t\nNote \u0111ang c\u1eadp nh\u1eadt<br \/>\n\t\t<\/div>\n\t<\/div>\n\t\n<\/div>\n<p>Ghi ch\u00fa: M\u1ed9t s\u1ed1 s\u1ea3n ph\u1ea9m c\u00f3 th\u1ec3 h\u1ebft h\u00e0ng m\u00e0 ch\u01b0a k\u1ecbp update.<br \/>\n\u0110\u1ec3 \u0111\u1eb7t h\u00e0ng nhanh nh\u1ea5t qu\u00fd kh\u00e1ch vui l\u00f2ng li\u00ean h\u1ec7 hotline Marchinde Store (Call\/Mess\/Zalo)<br \/>\n\n\t<section class=\"section\" id=\"section_1827380437\">\n\t\t<div class=\"section-bg fill\" >\n\t\t\t\t\t\t\t\t\t\n\t\t\t\n\n\t\t<\/div>\n\n\t\t\n\n\t\t<div class=\"section-content relative\">\n\t\t\t<div class=\"row\"  id=\"row-955159029\">\n\n\n\t<div id=\"col-422653865\" class=\"col medium-1 small-12 large-1\"  >\n\t\t\t\t<div class=\"col-inner\"  >\n\t\t\t\n\t\t\t\n\n\n\t\t<\/div>\n\t\t\t\t\t<\/div>\n\n\t\n\n\t<div id=\"col-9919088\" class=\"col medium-11 small-12 large-11\"  >\n\t\t\t\t<div class=\"col-inner\"  >\n\t\t\t\n\t\t\t\n\n\n\t<section class=\"section\" id=\"section_1379299520\">\n\t\t<div class=\"section-bg fill\" >\n\t\t\t\t\t\t\t\t\t\n\t\t\t\n\n\t\t<\/div>\n\n\t\t\n\n\t\t<div class=\"section-content relative\">\n\t\t\t\n\n\n\t\t<div class=\"icon-box featured-box icon-box-left text-left\"  style=\"margin:-34px 0px 0px -52px;\">\n\t\t\t\t\t<div class=\"icon-box-img\" style=\"width: 40px\">\n\t\t\t\t<div class=\"icon\">\n\t\t\t\t\t<div class=\"icon-inner\" >\n\t\t\t\t\t\t\t\t\t\t\t<\/div>\n\t\t\t\t<\/div>\n\t\t\t<\/div>\n\t\t\t\t<div class=\"icon-box-text last-reset\">\n\t\t\t\t\t\t\t\t\t\n\n\t<div id=\"text-2432439183\" class=\"text\">\n\t\t\n\n<h3><span style=\"font-size: 100%;\"><strong>Gi\u00e1 lu\u00f4n t\u1ed1t<\/strong><br \/><span style=\"font-size: 70%;\">Gi\u00e1 t\u1ed1t so v\u1edbi th\u1ecb tr\u01b0\u1eddng.<\/span><\/span><\/h3>\n\t\t\n<style>\n#text-2432439183 {\n  font-size: 0.9rem;\n  line-height: 1.15;\n}\n<\/style>\n\t<\/div>\n\t\n\n\t\t<\/div>\n\t<\/div>\n\t\n\t\n\n\t\t<div class=\"icon-box featured-box icon-box-left text-left is-large\"  style=\"margin:12px 0px 0px -52px;\">\n\t\t\t\t\t<div class=\"icon-box-img\" style=\"width: 40px\">\n\t\t\t\t<div class=\"icon\">\n\t\t\t\t\t<div class=\"icon-inner\" >\n\t\t\t\t\t\t\t\t\t\t\t<\/div>\n\t\t\t\t<\/div>\n\t\t\t<\/div>\n\t\t\t\t<div class=\"icon-box-text last-reset\">\n\t\t\t\t\t\t\t\t\t\n\n\t<div id=\"text-3513574585\" class=\"text\">\n\t\t\n\n<h3><strong><span style=\"font-size: 100%;\">M\u00e3 gi\u1ea3m gi\u00e1<br \/><\/span><\/strong><span style=\"font-size: 70%;\">M\u00e3 gi\u1ea3m gi\u00e1 c\u1ee7a shop<br \/><\/span><\/h3>\n\n\t\t\n<style>\n#text-3513574585 {\n  font-size: 0.9rem;\n  line-height: 1.15;\n}\n<\/style>\n\t<\/div>\n\t\n\n\t\t<\/div>\n\t<\/div>\n\t\n\t\n\n\t\t<div class=\"icon-box featured-box icon-box-left text-left is-large\"  style=\"margin:12px 0px 0px -52px;\">\n\t\t\t\t\t<div class=\"icon-box-img\" style=\"width: 40px\">\n\t\t\t\t<div class=\"icon\">\n\t\t\t\t\t<div class=\"icon-inner\" >\n\t\t\t\t\t\t\t\t\t\t\t<\/div>\n\t\t\t\t<\/div>\n\t\t\t<\/div>\n\t\t\t\t<div class=\"icon-box-text last-reset\">\n\t\t\t\t\t\t\t\t\t\n\n\t<div id=\"text-3826442385\" class=\"text\">\n\t\t\n\n<h3><strong><span style=\"font-size: 100%;\">Mi\u1ec5n ph\u00ed v\u1eadn chuy\u1ec3n<br \/><\/span><span style=\"font-size: 70%;\">Mi\u1ec5n ph\u00ed v\u1eadn chuy\u1ec3n khi \u0111\u01a1n h\u00e0ng \u0111\u1ea1t gi\u00e1 tr\u1ecb t\u1ed1i thi\u1ec3u <br \/><\/span><\/h3>\n\n\t\t\n<style>\n#text-3826442385 {\n  font-size: 0.9rem;\n  line-height: 1.15;\n}\n<\/style>\n\t<\/div>\n\t\n\n\t\t<\/div>\n\t<\/div>\n\t\n\t\n\n\t\t<\/div>\n\n\t\t\n<style>\n#section_1379299520 {\n  padding-top: 0px;\n  padding-bottom: 0px;\n}\n<\/style>\n\t<\/section>\n\t\n\n\t\t<\/div>\n\t\t\t\t\t<\/div>\n\n\t\n\n<\/div>\t\t<\/div>\n\n\t\t\n<style>\n#section_1827380437 {\n  padding-top: 30px;\n  padding-bottom: 30px;\n}\n<\/style>\n\t<\/section>","protected":false},"featured_media":0,"comment_status":"open","ping_status":"closed","template":"","meta":[],"product_brand":[],"product_cat":[15,227,56],"product_tag":[186,187,188],"class_list":{"0":"post-165","1":"product","2":"type-product","3":"status-publish","5":"product_cat-furniture","6":"product_cat-livingroom-furniture","7":"product_cat-sofas-couches","8":"product_tag-sofa","9":"product_tag-sofa-da","10":"product_tag-sofa-da-bo","12":"first","13":"instock","14":"sale","15":"shipping-taxable","16":"purchasable","17":"product-type-simple"},"aioseo_notices":[],"_links":{"self":[{"href":"https:\/\/bim.midar.vn\/vi\/wp-json\/wp\/v2\/product\/165","targetHints":{"allow":["GET"]}}],"collection":[{"href":"https:\/\/bim.midar.vn\/vi\/wp-json\/wp\/v2\/product"}],"about":[{"href":"https:\/\/bim.midar.vn\/vi\/wp-json\/wp\/v2\/types\/product"}],"replies":[{"embeddable":true,"href":"https:\/\/bim.midar.vn\/vi\/wp-json\/wp\/v2\/comments?post=165"}],"wp:attachment":[{"href":"https:\/\/bim.midar.vn\/vi\/wp-json\/wp\/v2\/media?parent=165"}],"wp:term":[{"taxonomy":"product_brand","embeddable":true,"href":"https:\/\/bim.midar.vn\/vi\/wp-json\/wp\/v2\/product_brand?post=165"},{"taxonomy":"product_cat","embeddable":true,"href":"https:\/\/bim.midar.vn\/vi\/wp-json\/wp\/v2\/product_cat?post=165"},{"taxonomy":"product_tag","embeddable":true,"href":"https:\/\/bim.midar.vn\/vi\/wp-json\/wp\/v2\/product_tag?post=165"}],"curies":[{"name":"wp","href":"https:\/\/api.w.org\/{rel}","templated":true}]}}